{"id":2623,"date":"2023-05-05T21:15:26","date_gmt":"2023-05-05T21:15:26","guid":{"rendered":"https:\/\/estudioinfrarrojo.com\/?page_id=2623"},"modified":"2023-05-13T01:00:20","modified_gmt":"2023-05-13T01:00:20","slug":"proyecto-landing-page-alpha-erp","status":"publish","type":"page","link":"https:\/\/estudioinfrarrojo.com\/?page_id=2623","title":{"rendered":"Proyecto &#8211; Landing page ALPHA ERP"},"content":{"rendered":"\t\t<div data-elementor-type=\"wp-page\" data-elementor-id=\"2623\" class=\"elementor elementor-2623\">\n\t\t\t\t\t\t<header class=\"elementor-section elementor-top-section elementor-element elementor-element-78a6760d elementor-section-height-min-height elementor-section-content-middle elementor-section-full_width elementor-section-height-default elementor-section-items-middle wpr-particle-no wpr-jarallax-no wpr-parallax-no wpr-equal-height-no\" data-id=\"78a6760d\" data-element_type=\"section\" data-e-type=\"section\" data-settings=\"{&quot;background_background&quot;:&quot;gradient&quot;,&quot;animation&quot;:&quot;none&quot;}\">\n\t\t\t\t\t\t\t<div class=\"elementor-background-overlay\"><\/div>\n\t\t\t\t\t\t\t<div class=\"elementor-container elementor-column-gap-default\">\n\t\t\t\t\t<div class=\"elementor-column elementor-col-50 elementor-top-column elementor-element elementor-element-4e9052c9 elementor-invisible\" data-id=\"4e9052c9\" data-element_type=\"column\" data-e-type=\"column\" data-settings=\"{&quot;animation&quot;:&quot;fadeInUp&quot;}\">\n\t\t\t<div class=\"elementor-widget-wrap elementor-element-populated\">\n\t\t\t\t\t\t<div class=\"elementor-element elementor-element-7a09f925 elementor-invisible elementor-widget elementor-widget-image\" data-id=\"7a09f925\" data-element_type=\"widget\" data-e-type=\"widget\" data-settings=\"{&quot;_animation&quot;:&quot;fadeInDown&quot;}\" data-widget_type=\"image.default\">\n\t\t\t\t<div class=\"elementor-widget-container\">\n\t\t\t\t\t\t\t\t\t\t\t\t\t\t\t<img fetchpriority=\"high\" decoding=\"async\" width=\"2147\" height=\"848\" src=\"https:\/\/estudioinfrarrojo.com\/wp-content\/uploads\/2023\/05\/Alpha-fondo-azul.png\" class=\"attachment-full size-full wp-image-2668\" alt=\"\" srcset=\"https:\/\/estudioinfrarrojo.com\/wp-content\/uploads\/2023\/05\/Alpha-fondo-azul.png 2147w, https:\/\/estudioinfrarrojo.com\/wp-content\/uploads\/2023\/05\/Alpha-fondo-azul-300x118.png 300w, https:\/\/estudioinfrarrojo.com\/wp-content\/uploads\/2023\/05\/Alpha-fondo-azul-1024x404.png 1024w, https:\/\/estudioinfrarrojo.com\/wp-content\/uploads\/2023\/05\/Alpha-fondo-azul-768x303.png 768w, https:\/\/estudioinfrarrojo.com\/wp-content\/uploads\/2023\/05\/Alpha-fondo-azul-1536x607.png 1536w, https:\/\/estudioinfrarrojo.com\/wp-content\/uploads\/2023\/05\/Alpha-fondo-azul-2048x809.png 2048w\" sizes=\"(max-width: 2147px) 100vw, 2147px\" \/>\t\t\t\t\t\t\t\t\t\t\t\t\t\t\t<\/div>\n\t\t\t\t<\/div>\n\t\t\t\t<div class=\"elementor-element elementor-element-2e2e497b elementor-invisible elementor-widget elementor-widget-heading\" data-id=\"2e2e497b\" data-element_type=\"widget\" data-e-type=\"widget\" data-settings=\"{&quot;_animation&quot;:&quot;fadeInUp&quot;}\" data-widget_type=\"heading.default\">\n\t\t\t\t<div class=\"elementor-widget-container\">\n\t\t\t\t\t<h1 class=\"elementor-heading-title elementor-size-medium\">Dise\u00f1o de landing page<\/h1>\t\t\t\t<\/div>\n\t\t\t\t<\/div>\n\t\t\t\t<div class=\"elementor-element elementor-element-08d5aed elementor-align-right elementor-mobile-align-center elementor-widget elementor-widget-button\" data-id=\"08d5aed\" data-element_type=\"widget\" data-e-type=\"widget\" data-widget_type=\"button.default\">\n\t\t\t\t<div class=\"elementor-widget-container\">\n\t\t\t\t\t\t\t\t\t<div class=\"elementor-button-wrapper\">\n\t\t\t\t\t<a class=\"elementor-button elementor-button-link elementor-size-xs\" href=\"https:\/\/software.castelec.mx\/\" target=\"_blank\">\n\t\t\t\t\t\t<span class=\"elementor-button-content-wrapper\">\n\t\t\t\t\t\t\t\t\t<span class=\"elementor-button-text\">Ver landing page<\/span>\n\t\t\t\t\t<\/span>\n\t\t\t\t\t<\/a>\n\t\t\t\t<\/div>\n\t\t\t\t\t\t\t\t<\/div>\n\t\t\t\t<\/div>\n\t\t\t\t\t<\/div>\n\t\t<\/div>\n\t\t\t\t<div class=\"elementor-column elementor-col-50 elementor-top-column elementor-element elementor-element-6b9339b1\" data-id=\"6b9339b1\" data-element_type=\"column\" data-e-type=\"column\">\n\t\t\t<div class=\"elementor-widget-wrap elementor-element-populated\">\n\t\t\t\t\t\t<div class=\"elementor-element elementor-element-30ac8bfb elementor-invisible elementor-widget elementor-widget-image\" data-id=\"30ac8bfb\" data-element_type=\"widget\" data-e-type=\"widget\" data-settings=\"{&quot;_animation&quot;:&quot;fadeInRight&quot;}\" data-widget_type=\"image.default\">\n\t\t\t\t<div class=\"elementor-widget-container\">\n\t\t\t\t\t\t\t\t\t\t\t\t\t\t\t<img decoding=\"async\" width=\"1500\" height=\"844\" src=\"https:\/\/estudioinfrarrojo.com\/wp-content\/uploads\/2023\/05\/Render-landing-page-reducido-2.png\" class=\"attachment-full size-full wp-image-3723\" alt=\"\" srcset=\"https:\/\/estudioinfrarrojo.com\/wp-content\/uploads\/2023\/05\/Render-landing-page-reducido-2.png 1500w, https:\/\/estudioinfrarrojo.com\/wp-content\/uploads\/2023\/05\/Render-landing-page-reducido-2-300x169.png 300w, https:\/\/estudioinfrarrojo.com\/wp-content\/uploads\/2023\/05\/Render-landing-page-reducido-2-1024x576.png 1024w, https:\/\/estudioinfrarrojo.com\/wp-content\/uploads\/2023\/05\/Render-landing-page-reducido-2-768x432.png 768w\" sizes=\"(max-width: 1500px) 100vw, 1500px\" \/>\t\t\t\t\t\t\t\t\t\t\t\t\t\t\t<\/div>\n\t\t\t\t<\/div>\n\t\t\t\t\t<\/div>\n\t\t<\/div>\n\t\t\t\t\t<\/div>\n\t\t<\/header>\n\t\t\t\t<section class=\"elementor-section elementor-top-section elementor-element elementor-element-3780f82 elementor-section-boxed elementor-section-height-default elementor-section-height-default wpr-particle-no wpr-jarallax-no wpr-parallax-no wpr-sticky-section-no wpr-equal-height-no\" data-id=\"3780f82\" data-element_type=\"section\" data-e-type=\"section\" data-settings=\"{&quot;background_background&quot;:&quot;classic&quot;,&quot;animation&quot;:&quot;none&quot;}\">\n\t\t\t\t\t\t\t<div class=\"elementor-background-overlay\"><\/div>\n\t\t\t\t\t\t\t<div class=\"elementor-container elementor-column-gap-default\">\n\t\t\t\t\t<div class=\"elementor-column elementor-col-100 elementor-top-column elementor-element elementor-element-c2451b9 elementor-invisible\" data-id=\"c2451b9\" data-element_type=\"column\" data-e-type=\"column\" data-settings=\"{&quot;animation&quot;:&quot;fadeInUp&quot;}\">\n\t\t\t<div class=\"elementor-widget-wrap elementor-element-populated\">\n\t\t\t\t\t\t<div class=\"elementor-element elementor-element-0ffed5f elementor-invisible elementor-widget elementor-widget-heading\" data-id=\"0ffed5f\" data-element_type=\"widget\" data-e-type=\"widget\" data-settings=\"{&quot;_animation&quot;:&quot;fadeInUp&quot;}\" data-widget_type=\"heading.default\">\n\t\t\t\t<div class=\"elementor-widget-container\">\n\t\t\t\t\t<h2 class=\"elementor-heading-title elementor-size-default\">Alpha ERP\u00ae es un software que se dedica a la administraci\u00f3n, contabilidad y recursos humanos dentro de las empresas.<\/h2>\t\t\t\t<\/div>\n\t\t\t\t<\/div>\n\t\t\t\t\t<\/div>\n\t\t<\/div>\n\t\t\t\t\t<\/div>\n\t\t<\/section>\n\t\t\t\t<section class=\"elementor-section elementor-top-section elementor-element elementor-element-80400b8 elementor-section-boxed elementor-section-height-default elementor-section-height-default wpr-particle-no wpr-jarallax-no wpr-parallax-no wpr-sticky-section-no wpr-equal-height-no\" data-id=\"80400b8\" data-element_type=\"section\" data-e-type=\"section\" data-settings=\"{&quot;background_background&quot;:&quot;gradient&quot;}\">\n\t\t\t\t\t\t<div class=\"elementor-container elementor-column-gap-default\">\n\t\t\t\t\t<div class=\"elementor-column elementor-col-33 elementor-top-column elementor-element elementor-element-fd30acc elementor-invisible\" data-id=\"fd30acc\" data-element_type=\"column\" data-e-type=\"column\" data-settings=\"{&quot;animation&quot;:&quot;fadeInUp&quot;}\">\n\t\t\t<div class=\"elementor-widget-wrap elementor-element-populated\">\n\t\t\t\t\t\t<div class=\"elementor-element elementor-element-37e8949 elementor-widget elementor-widget-heading\" data-id=\"37e8949\" data-element_type=\"widget\" data-e-type=\"widget\" data-widget_type=\"heading.default\">\n\t\t\t\t<div class=\"elementor-widget-container\">\n\t\t\t\t\t<h2 class=\"elementor-heading-title elementor-size-default\">Ret\u00edcula landing page<\/h2>\t\t\t\t<\/div>\n\t\t\t\t<\/div>\n\t\t\t\t\t<\/div>\n\t\t<\/div>\n\t\t\t\t<div class=\"elementor-column elementor-col-33 elementor-top-column elementor-element elementor-element-5f174d2 elementor-hidden-mobile elementor-invisible\" data-id=\"5f174d2\" data-element_type=\"column\" data-e-type=\"column\" data-settings=\"{&quot;animation&quot;:&quot;fadeInUp&quot;}\">\n\t\t\t<div class=\"elementor-widget-wrap elementor-element-populated\">\n\t\t\t\t\t\t<div class=\"elementor-element elementor-element-2264ac9 elementor-hidden-mobile elementor-widget elementor-widget-text-editor\" data-id=\"2264ac9\" data-element_type=\"widget\" data-e-type=\"widget\" data-widget_type=\"text-editor.default\">\n\t\t\t\t<div class=\"elementor-widget-container\">\n\t\t\t\t\t\t\t\t\t<p>375 px<\/p>\t\t\t\t\t\t\t\t<\/div>\n\t\t\t\t<\/div>\n\t\t\t\t<div class=\"elementor-element elementor-element-65f2d83 elementor-widget elementor-widget-image\" data-id=\"65f2d83\" data-element_type=\"widget\" data-e-type=\"widget\" data-widget_type=\"image.default\">\n\t\t\t\t<div class=\"elementor-widget-container\">\n\t\t\t\t\t\t\t\t\t\t\t\t\t\t\t<img decoding=\"async\" width=\"960\" height=\"2897\" src=\"https:\/\/estudioinfrarrojo.com\/wp-content\/uploads\/2023\/05\/Rediseno-landing-page-movil-reducido.png\" class=\"attachment-full size-full wp-image-3727\" alt=\"\" srcset=\"https:\/\/estudioinfrarrojo.com\/wp-content\/uploads\/2023\/05\/Rediseno-landing-page-movil-reducido.png 960w, https:\/\/estudioinfrarrojo.com\/wp-content\/uploads\/2023\/05\/Rediseno-landing-page-movil-reducido-99x300.png 99w, https:\/\/estudioinfrarrojo.com\/wp-content\/uploads\/2023\/05\/Rediseno-landing-page-movil-reducido-339x1024.png 339w, https:\/\/estudioinfrarrojo.com\/wp-content\/uploads\/2023\/05\/Rediseno-landing-page-movil-reducido-768x2318.png 768w, https:\/\/estudioinfrarrojo.com\/wp-content\/uploads\/2023\/05\/Rediseno-landing-page-movil-reducido-509x1536.png 509w, https:\/\/estudioinfrarrojo.com\/wp-content\/uploads\/2023\/05\/Rediseno-landing-page-movil-reducido-679x2048.png 679w\" sizes=\"(max-width: 960px) 100vw, 960px\" \/>\t\t\t\t\t\t\t\t\t\t\t\t\t\t\t<\/div>\n\t\t\t\t<\/div>\n\t\t\t\t\t<\/div>\n\t\t<\/div>\n\t\t\t\t<div class=\"elementor-column elementor-col-33 elementor-top-column elementor-element elementor-element-8d7c579 elementor-invisible\" data-id=\"8d7c579\" data-element_type=\"column\" data-e-type=\"column\" data-settings=\"{&quot;animation&quot;:&quot;fadeInUp&quot;}\">\n\t\t\t<div class=\"elementor-widget-wrap elementor-element-populated\">\n\t\t\t\t\t\t<div class=\"elementor-element elementor-element-818346d elementor-widget elementor-widget-text-editor\" data-id=\"818346d\" data-element_type=\"widget\" data-e-type=\"widget\" data-widget_type=\"text-editor.default\">\n\t\t\t\t<div class=\"elementor-widget-container\">\n\t\t\t\t\t\t\t\t\t<p><span style=\"letter-spacing: 0.2px;\">1920px<\/span><\/p>\t\t\t\t\t\t\t\t<\/div>\n\t\t\t\t<\/div>\n\t\t\t\t<div class=\"elementor-element elementor-element-11e4443 elementor-widget elementor-widget-image\" data-id=\"11e4443\" data-element_type=\"widget\" data-e-type=\"widget\" data-widget_type=\"image.default\">\n\t\t\t\t<div class=\"elementor-widget-container\">\n\t\t\t\t\t\t\t\t\t\t\t\t\t\t\t<img loading=\"lazy\" decoding=\"async\" width=\"848\" height=\"2560\" src=\"https:\/\/estudioinfrarrojo.com\/wp-content\/uploads\/2023\/05\/Rediseno-landing-page-reducido-scaled.jpg\" class=\"attachment-full size-full wp-image-3728\" alt=\"\" srcset=\"https:\/\/estudioinfrarrojo.com\/wp-content\/uploads\/2023\/05\/Rediseno-landing-page-reducido-scaled.jpg 848w, https:\/\/estudioinfrarrojo.com\/wp-content\/uploads\/2023\/05\/Rediseno-landing-page-reducido-99x300.jpg 99w, https:\/\/estudioinfrarrojo.com\/wp-content\/uploads\/2023\/05\/Rediseno-landing-page-reducido-339x1024.jpg 339w, https:\/\/estudioinfrarrojo.com\/wp-content\/uploads\/2023\/05\/Rediseno-landing-page-reducido-768x2318.jpg 768w, https:\/\/estudioinfrarrojo.com\/wp-content\/uploads\/2023\/05\/Rediseno-landing-page-reducido-509x1536.jpg 509w\" sizes=\"(max-width: 848px) 100vw, 848px\" \/>\t\t\t\t\t\t\t\t\t\t\t\t\t\t\t<\/div>\n\t\t\t\t<\/div>\n\t\t\t\t\t<\/div>\n\t\t<\/div>\n\t\t\t\t\t<\/div>\n\t\t<\/section>\n\t\t\t\t<section class=\"elementor-section elementor-top-section elementor-element elementor-element-9609a69 elementor-section-boxed elementor-section-height-default elementor-section-height-default wpr-particle-no wpr-jarallax-no wpr-parallax-no wpr-sticky-section-no wpr-equal-height-no\" data-id=\"9609a69\" data-element_type=\"section\" data-e-type=\"section\" data-settings=\"{&quot;background_background&quot;:&quot;classic&quot;}\">\n\t\t\t\t\t\t<div class=\"elementor-container elementor-column-gap-default\">\n\t\t\t\t\t<div class=\"elementor-column elementor-col-33 elementor-top-column elementor-element elementor-element-7f91853 elementor-invisible\" data-id=\"7f91853\" data-element_type=\"column\" data-e-type=\"column\" data-settings=\"{&quot;animation&quot;:&quot;fadeInUp&quot;}\">\n\t\t\t<div class=\"elementor-widget-wrap elementor-element-populated\">\n\t\t\t\t\t\t<div class=\"elementor-element elementor-element-36ea31b elementor-widget elementor-widget-heading\" data-id=\"36ea31b\" data-element_type=\"widget\" data-e-type=\"widget\" data-widget_type=\"heading.default\">\n\t\t\t\t<div class=\"elementor-widget-container\">\n\t\t\t\t\t<h2 class=\"elementor-heading-title elementor-size-default\">Tipograf\u00edas<\/h2>\t\t\t\t<\/div>\n\t\t\t\t<\/div>\n\t\t\t\t\t<\/div>\n\t\t<\/div>\n\t\t\t\t<div class=\"elementor-column elementor-col-33 elementor-top-column elementor-element elementor-element-94e553b elementor-invisible\" data-id=\"94e553b\" data-element_type=\"column\" data-e-type=\"column\" data-settings=\"{&quot;animation&quot;:&quot;fadeInUp&quot;}\">\n\t\t\t<div class=\"elementor-widget-wrap elementor-element-populated\">\n\t\t\t\t\t\t<div class=\"elementor-element elementor-element-47fc35c elementor-widget elementor-widget-image\" data-id=\"47fc35c\" data-element_type=\"widget\" data-e-type=\"widget\" data-widget_type=\"image.default\">\n\t\t\t\t<div class=\"elementor-widget-container\">\n\t\t\t\t\t\t\t\t\t\t\t\t\t\t\t<img loading=\"lazy\" decoding=\"async\" width=\"1086\" height=\"400\" src=\"https:\/\/estudioinfrarrojo.com\/wp-content\/uploads\/2023\/05\/Montserrat.png\" class=\"attachment-full size-full wp-image-3632\" alt=\"\" srcset=\"https:\/\/estudioinfrarrojo.com\/wp-content\/uploads\/2023\/05\/Montserrat.png 1086w, https:\/\/estudioinfrarrojo.com\/wp-content\/uploads\/2023\/05\/Montserrat-300x110.png 300w, https:\/\/estudioinfrarrojo.com\/wp-content\/uploads\/2023\/05\/Montserrat-1024x377.png 1024w, https:\/\/estudioinfrarrojo.com\/wp-content\/uploads\/2023\/05\/Montserrat-768x283.png 768w\" sizes=\"(max-width: 1086px) 100vw, 1086px\" \/>\t\t\t\t\t\t\t\t\t\t\t\t\t\t\t<\/div>\n\t\t\t\t<\/div>\n\t\t\t\t\t<\/div>\n\t\t<\/div>\n\t\t\t\t<div class=\"elementor-column elementor-col-33 elementor-top-column elementor-element elementor-element-7c28b75 elementor-invisible\" data-id=\"7c28b75\" data-element_type=\"column\" data-e-type=\"column\" data-settings=\"{&quot;animation&quot;:&quot;fadeInUp&quot;}\">\n\t\t\t<div class=\"elementor-widget-wrap elementor-element-populated\">\n\t\t\t\t\t\t<div class=\"elementor-element elementor-element-c9e12fe elementor-widget elementor-widget-image\" data-id=\"c9e12fe\" data-element_type=\"widget\" data-e-type=\"widget\" data-widget_type=\"image.default\">\n\t\t\t\t<div class=\"elementor-widget-container\">\n\t\t\t\t\t\t\t\t\t\t\t\t\t\t\t<img loading=\"lazy\" decoding=\"async\" width=\"1030\" height=\"400\" src=\"https:\/\/estudioinfrarrojo.com\/wp-content\/uploads\/2023\/05\/TT-Commons.png\" class=\"attachment-full size-full wp-image-3633\" alt=\"\" srcset=\"https:\/\/estudioinfrarrojo.com\/wp-content\/uploads\/2023\/05\/TT-Commons.png 1030w, https:\/\/estudioinfrarrojo.com\/wp-content\/uploads\/2023\/05\/TT-Commons-300x117.png 300w, https:\/\/estudioinfrarrojo.com\/wp-content\/uploads\/2023\/05\/TT-Commons-1024x398.png 1024w, https:\/\/estudioinfrarrojo.com\/wp-content\/uploads\/2023\/05\/TT-Commons-768x298.png 768w\" sizes=\"(max-width: 1030px) 100vw, 1030px\" \/>\t\t\t\t\t\t\t\t\t\t\t\t\t\t\t<\/div>\n\t\t\t\t<\/div>\n\t\t\t\t\t<\/div>\n\t\t<\/div>\n\t\t\t\t\t<\/div>\n\t\t<\/section>\n\t\t\t\t<section class=\"elementor-section elementor-top-section elementor-element elementor-element-20da543 elementor-section-boxed elementor-section-height-default elementor-section-height-default wpr-particle-no wpr-jarallax-no wpr-parallax-no wpr-sticky-section-no wpr-equal-height-no\" data-id=\"20da543\" data-element_type=\"section\" data-e-type=\"section\" data-settings=\"{&quot;background_background&quot;:&quot;classic&quot;}\">\n\t\t\t\t\t\t<div class=\"elementor-container elementor-column-gap-default\">\n\t\t\t\t\t<div class=\"elementor-column elementor-col-50 elementor-top-column elementor-element elementor-element-24455be elementor-invisible\" data-id=\"24455be\" data-element_type=\"column\" data-e-type=\"column\" data-settings=\"{&quot;animation&quot;:&quot;fadeInUp&quot;}\">\n\t\t\t<div class=\"elementor-widget-wrap elementor-element-populated\">\n\t\t\t\t\t\t<div class=\"elementor-element elementor-element-993dc13 elementor-widget elementor-widget-heading\" data-id=\"993dc13\" data-element_type=\"widget\" data-e-type=\"widget\" data-widget_type=\"heading.default\">\n\t\t\t\t<div class=\"elementor-widget-container\">\n\t\t\t\t\t<h2 class=\"elementor-heading-title elementor-size-default\">Paleta de colores<\/h2>\t\t\t\t<\/div>\n\t\t\t\t<\/div>\n\t\t\t\t\t<\/div>\n\t\t<\/div>\n\t\t\t\t<div class=\"elementor-column elementor-col-50 elementor-top-column elementor-element elementor-element-4993f1e elementor-invisible\" data-id=\"4993f1e\" data-element_type=\"column\" data-e-type=\"column\" data-settings=\"{&quot;animation&quot;:&quot;fadeInUp&quot;}\">\n\t\t\t<div class=\"elementor-widget-wrap elementor-element-populated\">\n\t\t\t\t\t\t<div class=\"elementor-element elementor-element-f964ba5 elementor-widget elementor-widget-image\" data-id=\"f964ba5\" data-element_type=\"widget\" data-e-type=\"widget\" data-widget_type=\"image.default\">\n\t\t\t\t<div class=\"elementor-widget-container\">\n\t\t\t\t\t\t\t\t\t\t\t\t\t\t\t<img loading=\"lazy\" decoding=\"async\" width=\"1802\" height=\"500\" src=\"https:\/\/estudioinfrarrojo.com\/wp-content\/uploads\/2023\/05\/Colores-2.png\" class=\"attachment-full size-full wp-image-3637\" alt=\"\" srcset=\"https:\/\/estudioinfrarrojo.com\/wp-content\/uploads\/2023\/05\/Colores-2.png 1802w, https:\/\/estudioinfrarrojo.com\/wp-content\/uploads\/2023\/05\/Colores-2-300x83.png 300w, https:\/\/estudioinfrarrojo.com\/wp-content\/uploads\/2023\/05\/Colores-2-1024x284.png 1024w, https:\/\/estudioinfrarrojo.com\/wp-content\/uploads\/2023\/05\/Colores-2-768x213.png 768w, https:\/\/estudioinfrarrojo.com\/wp-content\/uploads\/2023\/05\/Colores-2-1536x426.png 1536w\" sizes=\"(max-width: 1802px) 100vw, 1802px\" \/>\t\t\t\t\t\t\t\t\t\t\t\t\t\t\t<\/div>\n\t\t\t\t<\/div>\n\t\t\t\t\t<\/div>\n\t\t<\/div>\n\t\t\t\t\t<\/div>\n\t\t<\/section>\n\t\t\t\t<section class=\"elementor-section elementor-top-section elementor-element elementor-element-c72590f elementor-section-boxed elementor-section-height-default elementor-section-height-default wpr-particle-no wpr-jarallax-no wpr-parallax-no wpr-sticky-section-no wpr-equal-height-no\" data-id=\"c72590f\" data-element_type=\"section\" data-e-type=\"section\" data-settings=\"{&quot;background_background&quot;:&quot;classic&quot;}\">\n\t\t\t\t\t\t<div class=\"elementor-container elementor-column-gap-default\">\n\t\t\t\t\t<div class=\"elementor-column elementor-col-100 elementor-top-column elementor-element elementor-element-91114aa elementor-invisible\" data-id=\"91114aa\" data-element_type=\"column\" data-e-type=\"column\" data-settings=\"{&quot;animation&quot;:&quot;fadeInUp&quot;}\">\n\t\t\t<div class=\"elementor-widget-wrap elementor-element-populated\">\n\t\t\t\t\t\t<div class=\"elementor-element elementor-element-1bcdd09 elementor-widget elementor-widget-heading\" data-id=\"1bcdd09\" data-element_type=\"widget\" data-e-type=\"widget\" data-widget_type=\"heading.default\">\n\t\t\t\t<div class=\"elementor-widget-container\">\n\t\t\t\t\t<h2 class=\"elementor-heading-title elementor-size-default\">Ilustraciones 3D<\/h2>\t\t\t\t<\/div>\n\t\t\t\t<\/div>\n\t\t\t\t\t<\/div>\n\t\t<\/div>\n\t\t\t\t\t<\/div>\n\t\t<\/section>\n\t\t\t\t<section class=\"elementor-section elementor-top-section elementor-element elementor-element-a12d77c elementor-section-full_width elementor-section-height-default elementor-section-height-default wpr-particle-no wpr-jarallax-no wpr-parallax-no wpr-sticky-section-no wpr-equal-height-no\" data-id=\"a12d77c\" data-element_type=\"section\" data-e-type=\"section\" data-settings=\"{&quot;background_background&quot;:&quot;classic&quot;,&quot;animation&quot;:&quot;none&quot;}\">\n\t\t\t\t\t\t<div class=\"elementor-container elementor-column-gap-default\">\n\t\t\t\t\t<div class=\"elementor-column elementor-col-50 elementor-top-column elementor-element elementor-element-07d0860 elementor-invisible\" data-id=\"07d0860\" data-element_type=\"column\" data-e-type=\"column\" data-settings=\"{&quot;animation&quot;:&quot;fadeInUp&quot;}\">\n\t\t\t<div class=\"elementor-widget-wrap elementor-element-populated\">\n\t\t\t\t\t\t<div class=\"elementor-element elementor-element-96048a3 elementor-widget elementor-widget-image\" data-id=\"96048a3\" data-element_type=\"widget\" data-e-type=\"widget\" data-widget_type=\"image.default\">\n\t\t\t\t<div class=\"elementor-widget-container\">\n\t\t\t\t\t\t\t\t\t\t\t\t\t\t\t<img loading=\"lazy\" decoding=\"async\" width=\"1500\" height=\"844\" src=\"https:\/\/estudioinfrarrojo.com\/wp-content\/uploads\/2023\/05\/Render-ilustracion-reducido.png\" class=\"attachment-full size-full wp-image-3739\" alt=\"\" srcset=\"https:\/\/estudioinfrarrojo.com\/wp-content\/uploads\/2023\/05\/Render-ilustracion-reducido.png 1500w, https:\/\/estudioinfrarrojo.com\/wp-content\/uploads\/2023\/05\/Render-ilustracion-reducido-300x169.png 300w, https:\/\/estudioinfrarrojo.com\/wp-content\/uploads\/2023\/05\/Render-ilustracion-reducido-1024x576.png 1024w, https:\/\/estudioinfrarrojo.com\/wp-content\/uploads\/2023\/05\/Render-ilustracion-reducido-768x432.png 768w\" sizes=\"(max-width: 1500px) 100vw, 1500px\" \/>\t\t\t\t\t\t\t\t\t\t\t\t\t\t\t<\/div>\n\t\t\t\t<\/div>\n\t\t\t\t\t<\/div>\n\t\t<\/div>\n\t\t\t\t<div class=\"elementor-column elementor-col-50 elementor-top-column elementor-element elementor-element-87ffc8d elementor-invisible\" data-id=\"87ffc8d\" data-element_type=\"column\" data-e-type=\"column\" data-settings=\"{&quot;animation&quot;:&quot;fadeInUp&quot;}\">\n\t\t\t<div class=\"elementor-widget-wrap elementor-element-populated\">\n\t\t\t\t\t\t<div class=\"elementor-element elementor-element-77a981b elementor-widget elementor-widget-image\" data-id=\"77a981b\" data-element_type=\"widget\" data-e-type=\"widget\" data-widget_type=\"image.default\">\n\t\t\t\t<div class=\"elementor-widget-container\">\n\t\t\t\t\t\t\t\t\t\t\t\t\t\t\t<img loading=\"lazy\" decoding=\"async\" width=\"960\" height=\"540\" src=\"https:\/\/estudioinfrarrojo.com\/wp-content\/uploads\/2023\/05\/Render-ilustracion-reducido-4-1024x576.png\" class=\"attachment-large size-large wp-image-3742\" alt=\"\" srcset=\"https:\/\/estudioinfrarrojo.com\/wp-content\/uploads\/2023\/05\/Render-ilustracion-reducido-4-1024x576.png 1024w, https:\/\/estudioinfrarrojo.com\/wp-content\/uploads\/2023\/05\/Render-ilustracion-reducido-4-300x169.png 300w, https:\/\/estudioinfrarrojo.com\/wp-content\/uploads\/2023\/05\/Render-ilustracion-reducido-4-768x432.png 768w, https:\/\/estudioinfrarrojo.com\/wp-content\/uploads\/2023\/05\/Render-ilustracion-reducido-4.png 1500w\" sizes=\"(max-width: 960px) 100vw, 960px\" \/>\t\t\t\t\t\t\t\t\t\t\t\t\t\t\t<\/div>\n\t\t\t\t<\/div>\n\t\t\t\t\t<\/div>\n\t\t<\/div>\n\t\t\t\t\t<\/div>\n\t\t<\/section>\n\t\t\t\t<\/div>\n\t\t","protected":false},"excerpt":{"rendered":"<p>Dise\u00f1o de landing page Ver landing page Alpha ERP\u00ae es un software que se dedica a la administraci\u00f3n, contabilidad y recursos humanos dentro de las empresas. Ret\u00edcula landing page 375 px 1920px Tipograf\u00edas Paleta de colores Ilustraciones 3D<\/p>\n","protected":false},"author":1,"featured_media":0,"parent":0,"menu_order":0,"comment_status":"closed","ping_status":"closed","template":"elementor_canvas","meta":{"footnotes":""},"class_list":["post-2623","page","type-page","status-publish","hentry"],"_links":{"self":[{"href":"https:\/\/estudioinfrarrojo.com\/index.php?rest_route=\/wp\/v2\/pages\/2623","targetHints":{"allow":["GET"]}}],"collection":[{"href":"https:\/\/estudioinfrarrojo.com\/index.php?rest_route=\/wp\/v2\/pages"}],"about":[{"href":"https:\/\/estudioinfrarrojo.com\/index.php?rest_route=\/wp\/v2\/types\/page"}],"author":[{"embeddable":true,"href":"https:\/\/estudioinfrarrojo.com\/index.php?rest_route=\/wp\/v2\/users\/1"}],"replies":[{"embeddable":true,"href":"https:\/\/estudioinfrarrojo.com\/index.php?rest_route=%2Fwp%2Fv2%2Fcomments&post=2623"}],"version-history":[{"count":61,"href":"https:\/\/estudioinfrarrojo.com\/index.php?rest_route=\/wp\/v2\/pages\/2623\/revisions"}],"predecessor-version":[{"id":3861,"href":"https:\/\/estudioinfrarrojo.com\/index.php?rest_route=\/wp\/v2\/pages\/2623\/revisions\/3861"}],"wp:attachment":[{"href":"https:\/\/estudioinfrarrojo.com\/index.php?rest_route=%2Fwp%2Fv2%2Fmedia&parent=2623"}],"curies":[{"name":"wp","href":"https:\/\/api.w.org\/{rel}","templated":true}]}}